{"id":6124,"date":"2021-02-11T15:58:45","date_gmt":"2021-02-11T15:58:45","guid":{"rendered":"https:\/\/mastinchot.com.mx\/index.php\/producto\/import-placeholder-for-2459\/"},"modified":"2021-02-11T15:59:06","modified_gmt":"2021-02-11T15:59:06","slug":"cilindro-tovar","status":"publish","type":"product","link":"https:\/\/mastinchot.com.mx\/index.php\/producto\/cilindro-tovar\/","title":{"rendered":"CILINDRO TOVAR"},"content":{"rendered":"","protected":false},"excerpt":{"rendered":"<h3 class=\"accordion-title\">ESPECIFICACIONES<\/h3>\n<h4 class=\"title-specs\">INFORMACI\u00d3N BASICA<\/h4>\n<table id=\"product-attribute-specs-table\" class=\"data table additional-attributes\">\n<caption class=\"table-caption\">M\u00e1s Informaci\u00f3n<\/caption>\n<tbody>\n<tr>\n<th class=\"col label\" scope=\"row\">Categor\u00eda<\/th>\n<td class=\"col data\">CILINDROS MET\u00c1LICOS<\/td>\n<\/tr>\n<tr>\n<th class=\"col label\" scope=\"row\">Material<\/th>\n<td class=\"col data\">Aluminio<\/td>\n<\/tr>\n<tr>\n<th class=\"col label\" scope=\"row\">Medida<\/th>\n<td class=\"col data\">7.3 x 24 cm<\/td>\n<\/tr>\n<tr>\n<th class=\"col label\" scope=\"row\">Capacidad<\/th>\n<td class=\"col data\">700 ml<\/td>\n<\/tr>\n<\/tbody>\n<\/table>\n<h4 class=\"title-specs\">INFORMACI\u00d3N DE IMPRESI\u00d3N<\/h4>\n<table id=\"product-attribute-specs-table\" class=\"data table additional-attributes\">\n<caption class=\"table-caption\">M\u00e1s Informaci\u00f3n<\/caption>\n<tbody>\n<tr>\n<th class=\"col label\" scope=\"row\">T\u00e9cnica<\/th>\n<td class=\"col data\">Sublimaci\u00f3n<\/td>\n<\/tr>\n<tr>\n<th class=\"col label\" scope=\"row\">\u00c1rea<\/th>\n<td class=\"col data\">5.5 x 13 cm<\/td>\n<\/tr>\n<\/tbody>\n<\/table>\n<p>&nbsp;<\/p>\n<div class=\"accordion-content\">\n<div class=\"col-sm-12 no-padding\">\n<div class=\"additional-attributes-wrapper table-wrapper\">\n<div class=\"small-12 medium-6 large-6 columns\">\n<div class=\"row\">\n<div class=\"small-7 medium-7 large-7 col-titulo columns\">\n<hr \/>\n<\/div>\n<\/div>\n<\/div>\n<h5>Este producto est\u00e1 sujeto a disponibilidad<\/h5>\n<hr \/>\n<h3>Cotiza ahora.<\/h3>\n<table class=\"wp-list-table widefat fixed striped table-view-list forms\">\n<tbody id=\"the-list\" data-wp-lists=\"list:form\">\n<tr>\n<td class=\"shortcode column-shortcode\" data-colname=\"Shortcode\"><\/td>\n<\/tr>\n<\/tbody>\n<\/table>\n<p>&nbsp;<\/p>\n<\/div>\n<\/div>\n<\/div>\n","protected":false},"featured_media":1151,"comment_status":"open","ping_status":"closed","template":"","meta":{"_et_pb_use_builder":"","_et_pb_old_content":"","_et_gb_content_width":""},"product_cat":[544,550],"product_tag":[32,33,34,35,36,37,600],"yoast_head":"<!-- This site is optimized with the Yoast SEO plugin v19.3 - https:\/\/yoast.com\/wordpress\/plugins\/seo\/ -->\n<title>CILINDRO TOVAR - Mastinchot Publicidad<\/title>\n<meta name=\"robots\" content=\"index, follow, max-snippet:-1, max-image-preview:large, max-video-preview:-1\" \/>\n<link rel=\"canonical\" href=\"https:\/\/mastinchot.com.mx\/index.php\/producto\/cilindro-tovar\/\" \/>\n<meta property=\"og:locale\" content=\"es_MX\" \/>\n<meta property=\"og:type\" content=\"article\" \/>\n<meta property=\"og:title\" content=\"CILINDRO TOVAR - Mastinchot Publicidad\" \/>\n<meta property=\"og:description\" content=\"ESPECIFICACIONES INFORMACI\u00d3N BASICA M\u00e1s Informaci\u00f3n   Categor\u00eda CILINDROS MET\u00c1LICOS   Material Aluminio   Medida 7.3 x 24 cm   Capacidad 700 ml    INFORMACI\u00d3N DE IMPRESI\u00d3N M\u00e1s Informaci\u00f3n   T\u00e9cnica Sublimaci\u00f3n   \u00c1rea 5.5 x 13 cm    &nbsp;             Este producto est\u00e1 sujeto a disponibilidad    Cotiza ahora.        &nbsp;\" \/>\n<meta property=\"og:url\" content=\"https:\/\/mastinchot.com.mx\/index.php\/producto\/cilindro-tovar\/\" \/>\n<meta property=\"og:site_name\" content=\"Mastinchot Publicidad\" \/>\n<meta property=\"article:modified_time\" content=\"2021-02-11T15:59:06+00:00\" \/>\n<meta property=\"og:image\" content=\"https:\/\/mastinchot.com.mx\/wp-content\/uploads\/2021\/02\/tmps-113-b.jpg\" \/>\n\t<meta property=\"og:image:width\" content=\"560\" \/>\n\t<meta property=\"og:image:height\" content=\"560\" \/>\n\t<meta property=\"og:image:type\" content=\"image\/jpeg\" \/>\n<meta name=\"twitter:card\" content=\"summary_large_image\" \/>\n<script type=\"application\/ld+json\" class=\"yoast-schema-graph\">{\"@context\":\"https:\/\/schema.org\",\"@graph\":[{\"@type\":\"WebSite\",\"@id\":\"https:\/\/mastinchot.com.mx\/#website\",\"url\":\"https:\/\/mastinchot.com.mx\/\",\"name\":\"Mastinchot Publicidad\",\"description\":\"Agencia de publicidad\",\"potentialAction\":[{\"@type\":\"SearchAction\",\"target\":{\"@type\":\"EntryPoint\",\"urlTemplate\":\"https:\/\/mastinchot.com.mx\/?s={search_term_string}\"},\"query-input\":\"required name=search_term_string\"}],\"inLanguage\":\"es-MX\"},{\"@type\":\"ImageObject\",\"inLanguage\":\"es-MX\",\"@id\":\"https:\/\/mastinchot.com.mx\/index.php\/producto\/cilindro-tovar\/#primaryimage\",\"url\":\"https:\/\/mastinchot.com.mx\/wp-content\/uploads\/2021\/02\/tmps-113-b.jpg\",\"contentUrl\":\"https:\/\/mastinchot.com.mx\/wp-content\/uploads\/2021\/02\/tmps-113-b.jpg\",\"width\":560,\"height\":560},{\"@type\":\"WebPage\",\"@id\":\"https:\/\/mastinchot.com.mx\/index.php\/producto\/cilindro-tovar\/\",\"url\":\"https:\/\/mastinchot.com.mx\/index.php\/producto\/cilindro-tovar\/\",\"name\":\"CILINDRO TOVAR - Mastinchot Publicidad\",\"isPartOf\":{\"@id\":\"https:\/\/mastinchot.com.mx\/#website\"},\"primaryImageOfPage\":{\"@id\":\"https:\/\/mastinchot.com.mx\/index.php\/producto\/cilindro-tovar\/#primaryimage\"},\"datePublished\":\"2021-02-11T15:58:45+00:00\",\"dateModified\":\"2021-02-11T15:59:06+00:00\",\"breadcrumb\":{\"@id\":\"https:\/\/mastinchot.com.mx\/index.php\/producto\/cilindro-tovar\/#breadcrumb\"},\"inLanguage\":\"es-MX\",\"potentialAction\":[{\"@type\":\"ReadAction\",\"target\":[\"https:\/\/mastinchot.com.mx\/index.php\/producto\/cilindro-tovar\/\"]}]},{\"@type\":\"BreadcrumbList\",\"@id\":\"https:\/\/mastinchot.com.mx\/index.php\/producto\/cilindro-tovar\/#breadcrumb\",\"itemListElement\":[{\"@type\":\"ListItem\",\"position\":1,\"name\":\"Home\",\"item\":\"https:\/\/mastinchot.com.mx\/\"},{\"@type\":\"ListItem\",\"position\":2,\"name\":\"Cat\u00e1logo\",\"item\":\"https:\/\/mastinchot.com.mx\/index.php\/catalogo\/\"},{\"@type\":\"ListItem\",\"position\":3,\"name\":\"CILINDRO TOVAR\"}]}]}<\/script>\n<!-- \/ Yoast SEO plugin. -->","yoast_head_json":{"title":"CILINDRO TOVAR - Mastinchot Publicidad","robots":{"index":"index","follow":"follow","max-snippet":"max-snippet:-1","max-image-preview":"max-image-preview:large","max-video-preview":"max-video-preview:-1"},"canonical":"https:\/\/mastinchot.com.mx\/index.php\/producto\/cilindro-tovar\/","og_locale":"es_MX","og_type":"article","og_title":"CILINDRO TOVAR - Mastinchot Publicidad","og_description":"ESPECIFICACIONES INFORMACI\u00d3N BASICA M\u00e1s Informaci\u00f3n   Categor\u00eda CILINDROS MET\u00c1LICOS   Material Aluminio   Medida 7.3 x 24 cm   Capacidad 700 ml    INFORMACI\u00d3N DE IMPRESI\u00d3N M\u00e1s Informaci\u00f3n   T\u00e9cnica Sublimaci\u00f3n   \u00c1rea 5.5 x 13 cm    &nbsp;             Este producto est\u00e1 sujeto a disponibilidad    Cotiza ahora.        &nbsp;","og_url":"https:\/\/mastinchot.com.mx\/index.php\/producto\/cilindro-tovar\/","og_site_name":"Mastinchot Publicidad","article_modified_time":"2021-02-11T15:59:06+00:00","og_image":[{"width":560,"height":560,"url":"https:\/\/mastinchot.com.mx\/wp-content\/uploads\/2021\/02\/tmps-113-b.jpg","type":"image\/jpeg"}],"twitter_card":"summary_large_image","schema":{"@context":"https:\/\/schema.org","@graph":[{"@type":"WebSite","@id":"https:\/\/mastinchot.com.mx\/#website","url":"https:\/\/mastinchot.com.mx\/","name":"Mastinchot Publicidad","description":"Agencia de publicidad","potentialAction":[{"@type":"SearchAction","target":{"@type":"EntryPoint","urlTemplate":"https:\/\/mastinchot.com.mx\/?s={search_term_string}"},"query-input":"required name=search_term_string"}],"inLanguage":"es-MX"},{"@type":"ImageObject","inLanguage":"es-MX","@id":"https:\/\/mastinchot.com.mx\/index.php\/producto\/cilindro-tovar\/#primaryimage","url":"https:\/\/mastinchot.com.mx\/wp-content\/uploads\/2021\/02\/tmps-113-b.jpg","contentUrl":"https:\/\/mastinchot.com.mx\/wp-content\/uploads\/2021\/02\/tmps-113-b.jpg","width":560,"height":560},{"@type":"WebPage","@id":"https:\/\/mastinchot.com.mx\/index.php\/producto\/cilindro-tovar\/","url":"https:\/\/mastinchot.com.mx\/index.php\/producto\/cilindro-tovar\/","name":"CILINDRO TOVAR - Mastinchot Publicidad","isPartOf":{"@id":"https:\/\/mastinchot.com.mx\/#website"},"primaryImageOfPage":{"@id":"https:\/\/mastinchot.com.mx\/index.php\/producto\/cilindro-tovar\/#primaryimage"},"datePublished":"2021-02-11T15:58:45+00:00","dateModified":"2021-02-11T15:59:06+00:00","breadcrumb":{"@id":"https:\/\/mastinchot.com.mx\/index.php\/producto\/cilindro-tovar\/#breadcrumb"},"inLanguage":"es-MX","potentialAction":[{"@type":"ReadAction","target":["https:\/\/mastinchot.com.mx\/index.php\/producto\/cilindro-tovar\/"]}]},{"@type":"BreadcrumbList","@id":"https:\/\/mastinchot.com.mx\/index.php\/producto\/cilindro-tovar\/#breadcrumb","itemListElement":[{"@type":"ListItem","position":1,"name":"Home","item":"https:\/\/mastinchot.com.mx\/"},{"@type":"ListItem","position":2,"name":"Cat\u00e1logo","item":"https:\/\/mastinchot.com.mx\/index.php\/catalogo\/"},{"@type":"ListItem","position":3,"name":"CILINDRO TOVAR"}]}]}},"_links":{"self":[{"href":"https:\/\/mastinchot.com.mx\/index.php\/wp-json\/wp\/v2\/product\/6124"}],"collection":[{"href":"https:\/\/mastinchot.com.mx\/index.php\/wp-json\/wp\/v2\/product"}],"about":[{"href":"https:\/\/mastinchot.com.mx\/index.php\/wp-json\/wp\/v2\/types\/product"}],"replies":[{"embeddable":true,"href":"https:\/\/mastinchot.com.mx\/index.php\/wp-json\/wp\/v2\/comments?post=6124"}],"wp:featuredmedia":[{"embeddable":true,"href":"https:\/\/mastinchot.com.mx\/index.php\/wp-json\/wp\/v2\/media\/1151"}],"wp:attachment":[{"href":"https:\/\/mastinchot.com.mx\/index.php\/wp-json\/wp\/v2\/media?parent=6124"}],"wp:term":[{"taxonomy":"product_cat","embeddable":true,"href":"https:\/\/mastinchot.com.mx\/index.php\/wp-json\/wp\/v2\/product_cat?post=6124"},{"taxonomy":"product_tag","embeddable":true,"href":"https:\/\/mastinchot.com.mx\/index.php\/wp-json\/wp\/v2\/product_tag?post=6124"}],"curies":[{"name":"wp","href":"https:\/\/api.w.org\/{rel}","templated":true}]}}